{"id":121,"date":"2009-03-19T16:19:31","date_gmt":"2009-03-19T14:19:31","guid":{"rendered":"http:\/\/orchids.nature4stock.com\/?page_id=121"},"modified":"2020-12-02T09:50:54","modified_gmt":"2020-12-02T07:50:54","slug":"gymnadenia-conopsea","status":"publish","type":"page","link":"http:\/\/orchids.nature4stock.com\/?page_id=121","title":{"rendered":"<i>Gymnadenia conopsea<\/i> (L.) R.Br."},"content":{"rendered":"<p>RO: Ur\u0103<br \/>\nDE: M\u00fccken-H\u00e4ndelwurz<br \/>\nEN: Fragrant Orchid<\/p>\n<ul>\n<li>a tall and slender orchid usually (20-80 cm in height)<\/li>\n<li>the inflorescence is long and relatively dense (with tens of flowers)<\/li>\n<li>in flower late may to august<\/li>\n<li>pollination is done mainly by butterflies and moths<\/li>\n<li>this species is found in a large variety of habitats, but will prefer to be in full sun with dry to wet calcareous substrate<\/li>\n<li>a common species in Europe, mostly in montane area<\/li>\n<li>2n = 40<\/li>\n<\/ul>\n\n\t\t<style type=\"text\/css\">\n\t\t\t#gallery-1 {\n\t\t\t\tmargin: auto;\n\t\t\t}\n\t\t\t#gallery-1 .gallery-item {\n\t\t\t\tfloat: left;\n\t\t\t\tmargin-top: 10px;\n\t\t\t\ttext-align: center;\n\t\t\t\twidth: 33%;\n\t\t\t}\n\t\t\t#gallery-1 img {\n\t\t\t\tborder: 2px solid #cfcfcf;\n\t\t\t}\n\t\t\t#gallery-1 .gallery-caption {\n\t\t\t\tmargin-left: 0;\n\t\t\t}\n\t\t\t\/* see gallery_shortcode() in wp-includes\/media.php *\/\n\t\t<\/style>\n\t\t<div id='gallery-1' class='gallery galleryid-121 gallery-columns-3 gallery-size-thumbnail'><dl class='gallery-item'>\n\t\t\t<dt class='gallery-icon portrait'>\n\t\t\t\t<a href='http:\/\/orchids.nature4stock.com\/wp-content\/uploads\/2009\/03\/gymnadenia-conopsea-img_1150.jpg'><img width=\"150\" height=\"150\" src=\"http:\/\/orchids.nature4stock.com\/wp-content\/uploads\/2009\/03\/gymnadenia-conopsea-img_1150-150x150.jpg\" class=\"attachment-thumbnail size-thumbnail\" alt=\"\" loading=\"lazy\" \/><\/a>\n\t\t\t<\/dt><\/dl><dl class='gallery-item'>\n\t\t\t<dt class='gallery-icon landscape'>\n\t\t\t\t<a href='http:\/\/orchids.nature4stock.com\/wp-content\/uploads\/2009\/03\/IMG_0682_Gymnadenia_conopsea.jpg'><img width=\"150\" height=\"150\" src=\"http:\/\/orchids.nature4stock.com\/wp-content\/uploads\/2009\/03\/IMG_0682_Gymnadenia_conopsea-150x150.jpg\" class=\"attachment-thumbnail size-thumbnail\" alt=\"\" loading=\"lazy\" \/><\/a>\n\t\t\t<\/dt><\/dl><dl class='gallery-item'>\n\t\t\t<dt class='gallery-icon portrait'>\n\t\t\t\t<a href='http:\/\/orchids.nature4stock.com\/wp-content\/uploads\/2009\/03\/IMG_0683_Gymnadenia_conopsea.jpg'><img width=\"150\" height=\"150\" src=\"http:\/\/orchids.nature4stock.com\/wp-content\/uploads\/2009\/03\/IMG_0683_Gymnadenia_conopsea-150x150.jpg\" class=\"attachment-thumbnail size-thumbnail\" alt=\"\" loading=\"lazy\" \/><\/a>\n\t\t\t<\/dt><\/dl><br style=\"clear: both\" \/><dl class='gallery-item'>\n\t\t\t<dt class='gallery-icon portrait'>\n\t\t\t\t<a href='http:\/\/orchids.nature4stock.com\/wp-content\/uploads\/2009\/03\/IMG_0677_Gymnadenia_conopsea.jpg'><img width=\"150\" height=\"150\" src=\"http:\/\/orchids.nature4stock.com\/wp-content\/uploads\/2009\/03\/IMG_0677_Gymnadenia_conopsea-150x150.jpg\" class=\"attachment-thumbnail size-thumbnail\" alt=\"\" loading=\"lazy\" \/><\/a>\n\t\t\t<\/dt><\/dl><dl class='gallery-item'>\n\t\t\t<dt class='gallery-icon portrait'>\n\t\t\t\t<a href='http:\/\/orchids.nature4stock.com\/wp-content\/uploads\/2009\/03\/IMG_0685_Gymnadenia_conopsea.jpg'><img width=\"150\" height=\"150\" src=\"http:\/\/orchids.nature4stock.com\/wp-content\/uploads\/2009\/03\/IMG_0685_Gymnadenia_conopsea-150x150.jpg\" class=\"attachment-thumbnail size-thumbnail\" alt=\"\" loading=\"lazy\" \/><\/a>\n\t\t\t<\/dt><\/dl><dl class='gallery-item'>\n\t\t\t<dt class='gallery-icon portrait'>\n\t\t\t\t<a href='http:\/\/orchids.nature4stock.com\/wp-content\/uploads\/2009\/03\/IMG_0686_Gymnadenia_conopsea.jpg'><img width=\"150\" height=\"150\" src=\"http:\/\/orchids.nature4stock.com\/wp-content\/uploads\/2009\/03\/IMG_0686_Gymnadenia_conopsea-150x150.jpg\" class=\"attachment-thumbnail size-thumbnail\" alt=\"\" loading=\"lazy\" \/><\/a>\n\t\t\t<\/dt><\/dl><br style=\"clear: both\" \/><dl class='gallery-item'>\n\t\t\t<dt class='gallery-icon portrait'>\n\t\t\t\t<a href='http:\/\/orchids.nature4stock.com\/wp-content\/uploads\/2009\/03\/IMG_0993_Gymnadenia_conopsea.jpg'><img width=\"150\" height=\"150\" src=\"http:\/\/orchids.nature4stock.com\/wp-content\/uploads\/2009\/03\/IMG_0993_Gymnadenia_conopsea-150x150.jpg\" class=\"attachment-thumbnail size-thumbnail\" alt=\"\" loading=\"lazy\" \/><\/a>\n\t\t\t<\/dt><\/dl>\n\t\t\t<br style='clear: both' \/>\n\t\t<\/div>\n\n<p>Embedded map with records for Romania found in <a href=\"http:\/\/mybiosis.info\/nature\/portal.php?pagename=firstpage\" target=\"_blank\" rel=\"noopener noreferrer\">myNature<\/a> database.<br \/>\n<script type=\"text\/javascript\" src=\"http:\/\/mybiosis.info\/nature\/srv\/mapservice.php?taxon=Gymnadenia%conopsea&amp;key=Y2hFWjFBRXRFNjdqTQ\"><\/script><br \/>\n.<\/p>\n<!-- AddThis Advanced Settings generic via filter on the_content --><!-- AddThis Share Buttons generic via filter on the_content -->","protected":false},"excerpt":{"rendered":"<p>RO: Ur\u0103 DE: M\u00fccken-H\u00e4ndelwurz EN: Fragrant Orchid a tall and slender orchid usually (20-80 cm in height) the inflorescence is long and relatively dense (with tens of flowers) in flower late may to august pollination is done mainly by butterflies and moths this species is found in a large variety of habitats, but will prefer [&hellip;]<!-- AddThis Advanced Settings generic via filter on get_the_excerpt --><!-- AddThis Share Buttons generic via filter on get_the_excerpt --><\/p>\n","protected":false},"author":2,"featured_media":0,"parent":202,"menu_order":0,"comment_status":"open","ping_status":"open","template":"","meta":[],"categories":[93],"tags":[87,32,86,85],"_links":{"self":[{"href":"http:\/\/orchids.nature4stock.com\/index.php?rest_route=\/wp\/v2\/pages\/121"}],"collection":[{"href":"http:\/\/orchids.nature4stock.com\/index.php?rest_route=\/wp\/v2\/pages"}],"about":[{"href":"http:\/\/orchids.nature4stock.com\/index.php?rest_route=\/wp\/v2\/types\/page"}],"author":[{"embeddable":true,"href":"http:\/\/orchids.nature4stock.com\/index.php?rest_route=\/wp\/v2\/users\/2"}],"replies":[{"embeddable":true,"href":"http:\/\/orchids.nature4stock.com\/index.php?rest_route=%2Fwp%2Fv2%2Fcomments&post=121"}],"version-history":[{"count":13,"href":"http:\/\/orchids.nature4stock.com\/index.php?rest_route=\/wp\/v2\/pages\/121\/revisions"}],"predecessor-version":[{"id":1447,"href":"http:\/\/orchids.nature4stock.com\/index.php?rest_route=\/wp\/v2\/pages\/121\/revisions\/1447"}],"up":[{"embeddable":true,"href":"http:\/\/orchids.nature4stock.com\/index.php?rest_route=\/wp\/v2\/pages\/202"}],"wp:attachment":[{"href":"http:\/\/orchids.nature4stock.com\/index.php?rest_route=%2Fwp%2Fv2%2Fmedia&parent=121"}],"wp:term":[{"taxonomy":"category","embeddable":true,"href":"http:\/\/orchids.nature4stock.com\/index.php?rest_route=%2Fwp%2Fv2%2Fcategories&post=121"},{"taxonomy":"post_tag","embeddable":true,"href":"http:\/\/orchids.nature4stock.com\/index.php?rest_route=%2Fwp%2Fv2%2Ftags&post=121"}],"curies":[{"name":"wp","href":"https:\/\/api.w.org\/{rel}","templated":true}]}}