{"id":237,"date":"2009-06-09T22:36:30","date_gmt":"2009-06-09T20:36:30","guid":{"rendered":"http:\/\/orchids.nature4stock.com\/?page_id=237"},"modified":"2012-11-22T00:39:23","modified_gmt":"2012-11-21T22:39:23","slug":"neottia-nidus-avis","status":"publish","type":"page","link":"http:\/\/orchids.nature4stock.com\/?page_id=237","title":{"rendered":"<i>Neottia nidus-avis<\/i> (L.) Rich."},"content":{"rendered":"<p>RO: Tr\u00e2nji, Cuibul p\u0103m\u00e2ntului<br \/>\nDE: Vogel-Nestwurz<br \/>\nEN:\u00a0Bird&#8217;s-nest Orchid<\/p>\n<ul>\n<li>a brownish-yellow species, a non-photosynthetic orchid without leaves orchid with a long inflorescence (15-50 cm in height)<\/li>\n<li>the inflorescence is cylindrical, with numerous flowers<\/li>\n<li>in flower May to July (depends on latitude an altitude)<\/li>\n<li>mostly a self pollination species, but this is done also by flies (Diptera), sometime may flower and fruit underground<\/li>\n<li>found on alkaline to neutral substrates ussualy in shade but rare also on the edge of forest<\/li>\n<li>can be found in almost all Eurasia<\/li>\n<li>2n = 36<\/li>\n<\/ul>\n\n\t\t<style type=\"text\/css\">\n\t\t\t#gallery-1 {\n\t\t\t\tmargin: auto;\n\t\t\t}\n\t\t\t#gallery-1 .gallery-item {\n\t\t\t\tfloat: left;\n\t\t\t\tmargin-top: 10px;\n\t\t\t\ttext-align: center;\n\t\t\t\twidth: 33%;\n\t\t\t}\n\t\t\t#gallery-1 img {\n\t\t\t\tborder: 2px solid #cfcfcf;\n\t\t\t}\n\t\t\t#gallery-1 .gallery-caption {\n\t\t\t\tmargin-left: 0;\n\t\t\t}\n\t\t\t\/* see gallery_shortcode() in wp-includes\/media.php *\/\n\t\t<\/style>\n\t\t<div id='gallery-1' class='gallery galleryid-237 gallery-columns-3 gallery-size-thumbnail'><dl class='gallery-item'>\n\t\t\t<dt class='gallery-icon portrait'>\n\t\t\t\t<a href='http:\/\/orchids.nature4stock.com\/wp-content\/uploads\/2009\/06\/neottia-nidus-avis-img_1345.jpg'><img width=\"150\" height=\"150\" src=\"http:\/\/orchids.nature4stock.com\/wp-content\/uploads\/2009\/06\/neottia-nidus-avis-img_1345-150x150.jpg\" class=\"attachment-thumbnail size-thumbnail\" alt=\"\" loading=\"lazy\" \/><\/a>\n\t\t\t<\/dt><\/dl><dl class='gallery-item'>\n\t\t\t<dt class='gallery-icon portrait'>\n\t\t\t\t<a href='http:\/\/orchids.nature4stock.com\/wp-content\/uploads\/2009\/06\/neottia-nidus-avis-img_1337.jpg'><img width=\"150\" height=\"150\" src=\"http:\/\/orchids.nature4stock.com\/wp-content\/uploads\/2009\/06\/neottia-nidus-avis-img_1337-150x150.jpg\" class=\"attachment-thumbnail size-thumbnail\" alt=\"\" loading=\"lazy\" \/><\/a>\n\t\t\t<\/dt><\/dl><dl class='gallery-item'>\n\t\t\t<dt class='gallery-icon portrait'>\n\t\t\t\t<a href='http:\/\/orchids.nature4stock.com\/wp-content\/uploads\/2009\/06\/IMG_0721_Neottia_nidus-avis.jpg'><img width=\"150\" height=\"150\" src=\"http:\/\/orchids.nature4stock.com\/wp-content\/uploads\/2009\/06\/IMG_0721_Neottia_nidus-avis-150x150.jpg\" class=\"attachment-thumbnail size-thumbnail\" alt=\"\" loading=\"lazy\" \/><\/a>\n\t\t\t<\/dt><\/dl><br style=\"clear: both\" \/>\n\t\t<\/div>\n\n<p>Embedded map with records for Romania found in myNature database.<br \/>\n<script type=\"text\/javascript\" src=\"http:\/\/mybiosis.info\/nature\/srv\/mapservice.php?taxon=Neottia%20nidus-avis&amp;key=Y2hFWjFBRXRFNjdqTQ\"><\/script><br \/>\n.<\/p>\n<!-- AddThis Advanced Settings generic via filter on the_content --><!-- AddThis Share Buttons generic via filter on the_content -->","protected":false},"excerpt":{"rendered":"<p>RO: Tr\u00e2nji, Cuibul p\u0103m\u00e2ntului DE: Vogel-Nestwurz EN:\u00a0Bird&#8217;s-nest Orchid a brownish-yellow species, a non-photosynthetic orchid without leaves orchid with a long inflorescence (15-50 cm in height) the inflorescence is cylindrical, with numerous flowers in flower May to July (depends on latitude an altitude) mostly a self pollination species, but this is done also by flies (Diptera), [&hellip;]<!-- AddThis Advanced Settings generic via filter on get_the_excerpt --><!-- AddThis Share Buttons generic via filter on get_the_excerpt --><\/p>\n","protected":false},"author":2,"featured_media":0,"parent":202,"menu_order":0,"comment_status":"open","ping_status":"open","template":"","meta":[],"categories":[93],"tags":[110,112,17,111,113],"_links":{"self":[{"href":"http:\/\/orchids.nature4stock.com\/index.php?rest_route=\/wp\/v2\/pages\/237"}],"collection":[{"href":"http:\/\/orchids.nature4stock.com\/index.php?rest_route=\/wp\/v2\/pages"}],"about":[{"href":"http:\/\/orchids.nature4stock.com\/index.php?rest_route=\/wp\/v2\/types\/page"}],"author":[{"embeddable":true,"href":"http:\/\/orchids.nature4stock.com\/index.php?rest_route=\/wp\/v2\/users\/2"}],"replies":[{"embeddable":true,"href":"http:\/\/orchids.nature4stock.com\/index.php?rest_route=%2Fwp%2Fv2%2Fcomments&post=237"}],"version-history":[{"count":6,"href":"http:\/\/orchids.nature4stock.com\/index.php?rest_route=\/wp\/v2\/pages\/237\/revisions"}],"predecessor-version":[{"id":1215,"href":"http:\/\/orchids.nature4stock.com\/index.php?rest_route=\/wp\/v2\/pages\/237\/revisions\/1215"}],"up":[{"embeddable":true,"href":"http:\/\/orchids.nature4stock.com\/index.php?rest_route=\/wp\/v2\/pages\/202"}],"wp:attachment":[{"href":"http:\/\/orchids.nature4stock.com\/index.php?rest_route=%2Fwp%2Fv2%2Fmedia&parent=237"}],"wp:term":[{"taxonomy":"category","embeddable":true,"href":"http:\/\/orchids.nature4stock.com\/index.php?rest_route=%2Fwp%2Fv2%2Fcategories&post=237"},{"taxonomy":"post_tag","embeddable":true,"href":"http:\/\/orchids.nature4stock.com\/index.php?rest_route=%2Fwp%2Fv2%2Ftags&post=237"}],"curies":[{"name":"wp","href":"https:\/\/api.w.org\/{rel}","templated":true}]}}