{"id":254,"date":"2009-07-12T16:04:53","date_gmt":"2009-07-12T14:04:53","guid":{"rendered":"http:\/\/orchids.nature4stock.com\/?page_id=254"},"modified":"2020-12-02T09:50:54","modified_gmt":"2020-12-02T07:50:54","slug":"epipactis-palustris","status":"publish","type":"page","link":"http:\/\/orchids.nature4stock.com\/?page_id=254","title":{"rendered":"<i>Epipactis palustris<\/i>"},"content":{"rendered":"<p>RO: Ml\u0103\u015ftini\u0163\u0103<br \/>\nDE: Sumpf-Stendelwurz<br \/>\nEN: Marsh Helleborine<\/p>\n<ul>\n<li>a rhizomous plant producing one or several stems sometime very tall (usually 15 to 60 cm but sometime can reach 90 cm)<\/li>\n<li>the inflorescence is lax but not very long with around 10 flowers<\/li>\n<li>in flower from June to August (depends on latitude an altitude)<\/li>\n<li>pollination is done by different species (mainly\u00a0Hymenoptera and Coleoptera) of insects atracted by nectar<\/li>\n<li>found on damp to wet substrate in full sun, specially on alkaline substrate but also on acid one<\/li>\n<li>can be found almost in all Europe and Asia, but more rare in north and south<\/li>\n<li>2n = 40, 44, 46, 48<\/li>\n<\/ul>\n\n\t\t<style type=\"text\/css\">\n\t\t\t#gallery-1 {\n\t\t\t\tmargin: auto;\n\t\t\t}\n\t\t\t#gallery-1 .gallery-item {\n\t\t\t\tfloat: left;\n\t\t\t\tmargin-top: 10px;\n\t\t\t\ttext-align: center;\n\t\t\t\twidth: 33%;\n\t\t\t}\n\t\t\t#gallery-1 img {\n\t\t\t\tborder: 2px solid #cfcfcf;\n\t\t\t}\n\t\t\t#gallery-1 .gallery-caption {\n\t\t\t\tmargin-left: 0;\n\t\t\t}\n\t\t\t\/* see gallery_shortcode() in wp-includes\/media.php *\/\n\t\t<\/style>\n\t\t<div id='gallery-1' class='gallery galleryid-254 gallery-columns-3 gallery-size-thumbnail'><dl class='gallery-item'>\n\t\t\t<dt class='gallery-icon portrait'>\n\t\t\t\t<a href='http:\/\/orchids.nature4stock.com\/wp-content\/uploads\/2009\/07\/IMG_1080_Epipactis_palustris.jpg'><img width=\"150\" height=\"150\" src=\"http:\/\/orchids.nature4stock.com\/wp-content\/uploads\/2009\/07\/IMG_1080_Epipactis_palustris-150x150.jpg\" class=\"attachment-thumbnail size-thumbnail\" alt=\"\" loading=\"lazy\" \/><\/a>\n\t\t\t<\/dt><\/dl><dl class='gallery-item'>\n\t\t\t<dt class='gallery-icon landscape'>\n\t\t\t\t<a href='http:\/\/orchids.nature4stock.com\/wp-content\/uploads\/2009\/07\/IMG_1084_Epipactis_palustris.jpg'><img width=\"150\" height=\"150\" src=\"http:\/\/orchids.nature4stock.com\/wp-content\/uploads\/2009\/07\/IMG_1084_Epipactis_palustris-150x150.jpg\" class=\"attachment-thumbnail size-thumbnail\" alt=\"\" loading=\"lazy\" \/><\/a>\n\t\t\t<\/dt><\/dl><dl class='gallery-item'>\n\t\t\t<dt class='gallery-icon landscape'>\n\t\t\t\t<a href='http:\/\/orchids.nature4stock.com\/wp-content\/uploads\/2009\/07\/IMG_1088_Epipactis_palustris.jpg'><img width=\"150\" height=\"150\" src=\"http:\/\/orchids.nature4stock.com\/wp-content\/uploads\/2009\/07\/IMG_1088_Epipactis_palustris-150x150.jpg\" class=\"attachment-thumbnail size-thumbnail\" alt=\"\" loading=\"lazy\" \/><\/a>\n\t\t\t<\/dt><\/dl><br style=\"clear: both\" \/><dl class='gallery-item'>\n\t\t\t<dt class='gallery-icon landscape'>\n\t\t\t\t<a href='http:\/\/orchids.nature4stock.com\/wp-content\/uploads\/2009\/07\/IMG_1089_Epipactis_palustris.jpg'><img width=\"150\" height=\"150\" src=\"http:\/\/orchids.nature4stock.com\/wp-content\/uploads\/2009\/07\/IMG_1089_Epipactis_palustris-150x150.jpg\" class=\"attachment-thumbnail size-thumbnail\" alt=\"\" loading=\"lazy\" \/><\/a>\n\t\t\t<\/dt><\/dl><dl class='gallery-item'>\n\t\t\t<dt class='gallery-icon portrait'>\n\t\t\t\t<a href='http:\/\/orchids.nature4stock.com\/wp-content\/uploads\/2009\/07\/Epipactis-palustris-IMG_7311.JPG'><img width=\"150\" height=\"150\" src=\"http:\/\/orchids.nature4stock.com\/wp-content\/uploads\/2009\/07\/Epipactis-palustris-IMG_7311-150x150.jpg\" class=\"attachment-thumbnail size-thumbnail\" alt=\"\" loading=\"lazy\" \/><\/a>\n\t\t\t<\/dt><\/dl>\n\t\t\t<br style='clear: both' \/>\n\t\t<\/div>\n\n<p>Embedded map with records for Romania found in\u00a0<a style=\"text-decoration: none; color: #adb102; border: initial none initial;\" href=\"http:\/\/mybiosis.info\/nature\/portal.php?pagename=firstpage\" target=\"_blank\" rel=\"noopener noreferrer\">myNature<\/a> database.<br \/>\n<script type=\"text\/javascript\" src=\"http:\/\/mybiosis.info\/nature\/srv\/mapservice.php?taxon=Epipactis%20palustris&amp;key=Y2hFWjFBRXRFNjdqTQ\"><\/script><br \/>\n.<\/p>\n<!-- AddThis Advanced Settings generic via filter on the_content --><!-- AddThis Share Buttons generic via filter on the_content -->","protected":false},"excerpt":{"rendered":"<p>RO: Ml\u0103\u015ftini\u0163\u0103 DE: Sumpf-Stendelwurz EN: Marsh Helleborine a rhizomous plant producing one or several stems sometime very tall (usually 15 to 60 cm but sometime can reach 90 cm) the inflorescence is lax but not very long with around 10 flowers in flower from June to August (depends on latitude an altitude) pollination is done [&hellip;]<!-- AddThis Advanced Settings generic via filter on get_the_excerpt --><!-- AddThis Share Buttons generic via filter on get_the_excerpt --><\/p>\n","protected":false},"author":2,"featured_media":0,"parent":202,"menu_order":0,"comment_status":"open","ping_status":"open","template":"","meta":[],"categories":[93],"tags":[7,114,115,116],"_links":{"self":[{"href":"http:\/\/orchids.nature4stock.com\/index.php?rest_route=\/wp\/v2\/pages\/254"}],"collection":[{"href":"http:\/\/orchids.nature4stock.com\/index.php?rest_route=\/wp\/v2\/pages"}],"about":[{"href":"http:\/\/orchids.nature4stock.com\/index.php?rest_route=\/wp\/v2\/types\/page"}],"author":[{"embeddable":true,"href":"http:\/\/orchids.nature4stock.com\/index.php?rest_route=\/wp\/v2\/users\/2"}],"replies":[{"embeddable":true,"href":"http:\/\/orchids.nature4stock.com\/index.php?rest_route=%2Fwp%2Fv2%2Fcomments&post=254"}],"version-history":[{"count":9,"href":"http:\/\/orchids.nature4stock.com\/index.php?rest_route=\/wp\/v2\/pages\/254\/revisions"}],"predecessor-version":[{"id":1446,"href":"http:\/\/orchids.nature4stock.com\/index.php?rest_route=\/wp\/v2\/pages\/254\/revisions\/1446"}],"up":[{"embeddable":true,"href":"http:\/\/orchids.nature4stock.com\/index.php?rest_route=\/wp\/v2\/pages\/202"}],"wp:attachment":[{"href":"http:\/\/orchids.nature4stock.com\/index.php?rest_route=%2Fwp%2Fv2%2Fmedia&parent=254"}],"wp:term":[{"taxonomy":"category","embeddable":true,"href":"http:\/\/orchids.nature4stock.com\/index.php?rest_route=%2Fwp%2Fv2%2Fcategories&post=254"},{"taxonomy":"post_tag","embeddable":true,"href":"http:\/\/orchids.nature4stock.com\/index.php?rest_route=%2Fwp%2Fv2%2Ftags&post=254"}],"curies":[{"name":"wp","href":"https:\/\/api.w.org\/{rel}","templated":true}]}}