{"id":96,"date":"2009-03-19T09:57:37","date_gmt":"2009-03-19T07:57:37","guid":{"rendered":"http:\/\/orchids.nature4stock.com\/?page_id=96"},"modified":"2012-11-22T04:02:29","modified_gmt":"2012-11-22T02:02:29","slug":"platanthera-bifolia","status":"publish","type":"page","link":"http:\/\/orchids.nature4stock.com\/?page_id=96","title":{"rendered":"<i>Platanthera bifolia<\/i> (L.) Rich."},"content":{"rendered":"<p>RO: Stupini\u0163\u0103<br \/>\nDE: Zweibl\u00e4ttrige Waldhyazinthe<br \/>\nEN: Lesser Butterfly-orchid<\/p>\n<ul>\n<li>usually a slender but tall plant (15-90 cm in height)<\/li>\n<li>the inflorescence is long and lax, with 12 to 40 (or more) flowers<\/li>\n<li>in flower early may to august<\/li>\n<li>pollination is done specially by butterfly and moths<\/li>\n<li>a not specialized orchid, can be found in a variety of habitats, full sun to mid-shade, dry to moist, on neutral, basic or acidic substrate<\/li>\n<li>found almost in all Europe, rare in the south<\/li>\n<li>2n = 42<\/li>\n<\/ul>\n\n\t\t<style type=\"text\/css\">\n\t\t\t#gallery-1 {\n\t\t\t\tmargin: auto;\n\t\t\t}\n\t\t\t#gallery-1 .gallery-item {\n\t\t\t\tfloat: left;\n\t\t\t\tmargin-top: 10px;\n\t\t\t\ttext-align: center;\n\t\t\t\twidth: 33%;\n\t\t\t}\n\t\t\t#gallery-1 img {\n\t\t\t\tborder: 2px solid #cfcfcf;\n\t\t\t}\n\t\t\t#gallery-1 .gallery-caption {\n\t\t\t\tmargin-left: 0;\n\t\t\t}\n\t\t\t\/* see gallery_shortcode() in wp-includes\/media.php *\/\n\t\t<\/style>\n\t\t<div id='gallery-1' class='gallery galleryid-96 gallery-columns-3 gallery-size-thumbnail'><dl class='gallery-item'>\n\t\t\t<dt class='gallery-icon portrait'>\n\t\t\t\t<a href='http:\/\/orchids.nature4stock.com\/wp-content\/uploads\/2009\/03\/platanthera-bifolia-img_1191.jpg'><img width=\"150\" height=\"150\" src=\"http:\/\/orchids.nature4stock.com\/wp-content\/uploads\/2009\/03\/platanthera-bifolia-img_1191-150x150.jpg\" class=\"attachment-thumbnail size-thumbnail\" alt=\"\" loading=\"lazy\" \/><\/a>\n\t\t\t<\/dt><\/dl><dl class='gallery-item'>\n\t\t\t<dt class='gallery-icon portrait'>\n\t\t\t\t<a href='http:\/\/orchids.nature4stock.com\/wp-content\/uploads\/2009\/03\/IMG_7257_Platanthera_bifolia.jpg'><img width=\"150\" height=\"150\" src=\"http:\/\/orchids.nature4stock.com\/wp-content\/uploads\/2009\/03\/IMG_7257_Platanthera_bifolia-150x150.jpg\" class=\"attachment-thumbnail size-thumbnail\" alt=\"\" loading=\"lazy\" \/><\/a>\n\t\t\t<\/dt><\/dl><dl class='gallery-item'>\n\t\t\t<dt class='gallery-icon landscape'>\n\t\t\t\t<a href='http:\/\/orchids.nature4stock.com\/wp-content\/uploads\/2009\/03\/IMG_7259_Platanthera_bifolia.jpg'><img width=\"150\" height=\"150\" src=\"http:\/\/orchids.nature4stock.com\/wp-content\/uploads\/2009\/03\/IMG_7259_Platanthera_bifolia-150x150.jpg\" class=\"attachment-thumbnail size-thumbnail\" alt=\"\" loading=\"lazy\" \/><\/a>\n\t\t\t<\/dt><\/dl><br style=\"clear: both\" \/><dl class='gallery-item'>\n\t\t\t<dt class='gallery-icon landscape'>\n\t\t\t\t<a href='http:\/\/orchids.nature4stock.com\/wp-content\/uploads\/2009\/03\/IMG_7261_Platanthera_bifolia.jpg'><img width=\"150\" height=\"150\" src=\"http:\/\/orchids.nature4stock.com\/wp-content\/uploads\/2009\/03\/IMG_7261_Platanthera_bifolia-150x150.jpg\" class=\"attachment-thumbnail size-thumbnail\" alt=\"\" loading=\"lazy\" \/><\/a>\n\t\t\t<\/dt><\/dl><dl class='gallery-item'>\n\t\t\t<dt class='gallery-icon portrait'>\n\t\t\t\t<a href='http:\/\/orchids.nature4stock.com\/wp-content\/uploads\/2009\/03\/IMG_7264_Platanthera_bifolia.jpg'><img width=\"150\" height=\"150\" src=\"http:\/\/orchids.nature4stock.com\/wp-content\/uploads\/2009\/03\/IMG_7264_Platanthera_bifolia-150x150.jpg\" class=\"attachment-thumbnail size-thumbnail\" alt=\"\" loading=\"lazy\" \/><\/a>\n\t\t\t<\/dt><\/dl><dl class='gallery-item'>\n\t\t\t<dt class='gallery-icon portrait'>\n\t\t\t\t<a href='http:\/\/orchids.nature4stock.com\/wp-content\/uploads\/2009\/03\/IMG_7265_Platanthera_bifolia.jpg'><img width=\"150\" height=\"150\" src=\"http:\/\/orchids.nature4stock.com\/wp-content\/uploads\/2009\/03\/IMG_7265_Platanthera_bifolia-150x150.jpg\" class=\"attachment-thumbnail size-thumbnail\" alt=\"\" loading=\"lazy\" \/><\/a>\n\t\t\t<\/dt><\/dl><br style=\"clear: both\" \/><dl class='gallery-item'>\n\t\t\t<dt class='gallery-icon portrait'>\n\t\t\t\t<a href='http:\/\/orchids.nature4stock.com\/wp-content\/uploads\/2009\/03\/IMG_7267_Platanthera_bifolia.jpg'><img width=\"150\" height=\"150\" src=\"http:\/\/orchids.nature4stock.com\/wp-content\/uploads\/2009\/03\/IMG_7267_Platanthera_bifolia-150x150.jpg\" class=\"attachment-thumbnail size-thumbnail\" alt=\"\" loading=\"lazy\" \/><\/a>\n\t\t\t<\/dt><\/dl><dl class='gallery-item'>\n\t\t\t<dt class='gallery-icon portrait'>\n\t\t\t\t<a href='http:\/\/orchids.nature4stock.com\/wp-content\/uploads\/2009\/03\/IMG_7268_Platanthera_bifolia.jpg'><img width=\"150\" height=\"150\" src=\"http:\/\/orchids.nature4stock.com\/wp-content\/uploads\/2009\/03\/IMG_7268_Platanthera_bifolia-150x150.jpg\" class=\"attachment-thumbnail size-thumbnail\" alt=\"\" loading=\"lazy\" \/><\/a>\n\t\t\t<\/dt><\/dl><dl class='gallery-item'>\n\t\t\t<dt class='gallery-icon portrait'>\n\t\t\t\t<a href='http:\/\/orchids.nature4stock.com\/wp-content\/uploads\/2009\/03\/IMG_9738_Platanthera_bifolia.jpg'><img width=\"150\" height=\"150\" src=\"http:\/\/orchids.nature4stock.com\/wp-content\/uploads\/2009\/03\/IMG_9738_Platanthera_bifolia-150x150.jpg\" class=\"attachment-thumbnail size-thumbnail\" alt=\"\" loading=\"lazy\" \/><\/a>\n\t\t\t<\/dt><\/dl><br style=\"clear: both\" \/><dl class='gallery-item'>\n\t\t\t<dt class='gallery-icon landscape'>\n\t\t\t\t<a href='http:\/\/orchids.nature4stock.com\/wp-content\/uploads\/2009\/03\/IMG_9744_Platanthera_bifolia.jpg'><img width=\"150\" height=\"150\" src=\"http:\/\/orchids.nature4stock.com\/wp-content\/uploads\/2009\/03\/IMG_9744_Platanthera_bifolia-150x150.jpg\" class=\"attachment-thumbnail size-thumbnail\" alt=\"\" loading=\"lazy\" \/><\/a>\n\t\t\t<\/dt><\/dl><dl class='gallery-item'>\n\t\t\t<dt class='gallery-icon portrait'>\n\t\t\t\t<a href='http:\/\/orchids.nature4stock.com\/wp-content\/uploads\/2009\/03\/IMG_1515_Platanthera_bifolia.jpg'><img width=\"150\" height=\"150\" src=\"http:\/\/orchids.nature4stock.com\/wp-content\/uploads\/2009\/03\/IMG_1515_Platanthera_bifolia-150x150.jpg\" class=\"attachment-thumbnail size-thumbnail\" alt=\"\" loading=\"lazy\" \/><\/a>\n\t\t\t<\/dt><\/dl>\n\t\t\t<br style='clear: both' \/>\n\t\t<\/div>\n\n<p>Embedded map with records for Romania found in <a href=\"http:\/\/mybiosis.info\/nature\/portal.php?pagename=firstpage\" target=\"_blank\">myNature<\/a> database.<br \/>\n<script type=\"text\/javascript\" src=\"http:\/\/mybiosis.info\/nature\/srv\/mapservice.php?taxon=Platanthera%bifolia&amp;key=Y2hFWjFBRXRFNjdqTQ\"><\/script><\/p>\n<p>.<\/p>\n<!-- AddThis Advanced Settings generic via filter on the_content --><!-- AddThis Share Buttons generic via filter on the_content -->","protected":false},"excerpt":{"rendered":"<p>RO: Stupini\u0163\u0103 DE: Zweibl\u00e4ttrige Waldhyazinthe EN: Lesser Butterfly-orchid usually a slender but tall plant (15-90 cm in height) the inflorescence is long and lax, with 12 to 40 (or more) flowers in flower early may to august pollination is done specially by butterfly and moths a not specialized orchid, can be found in a variety [&hellip;]<!-- AddThis Advanced Settings generic via filter on get_the_excerpt --><!-- AddThis Share Buttons generic via filter on get_the_excerpt --><\/p>\n","protected":false},"author":2,"featured_media":0,"parent":202,"menu_order":0,"comment_status":"open","ping_status":"open","template":"","meta":[],"categories":[170,93],"tags":[82,29,80,81],"_links":{"self":[{"href":"http:\/\/orchids.nature4stock.com\/index.php?rest_route=\/wp\/v2\/pages\/96"}],"collection":[{"href":"http:\/\/orchids.nature4stock.com\/index.php?rest_route=\/wp\/v2\/pages"}],"about":[{"href":"http:\/\/orchids.nature4stock.com\/index.php?rest_route=\/wp\/v2\/types\/page"}],"author":[{"embeddable":true,"href":"http:\/\/orchids.nature4stock.com\/index.php?rest_route=\/wp\/v2\/users\/2"}],"replies":[{"embeddable":true,"href":"http:\/\/orchids.nature4stock.com\/index.php?rest_route=%2Fwp%2Fv2%2Fcomments&post=96"}],"version-history":[{"count":14,"href":"http:\/\/orchids.nature4stock.com\/index.php?rest_route=\/wp\/v2\/pages\/96\/revisions"}],"predecessor-version":[{"id":1246,"href":"http:\/\/orchids.nature4stock.com\/index.php?rest_route=\/wp\/v2\/pages\/96\/revisions\/1246"}],"up":[{"embeddable":true,"href":"http:\/\/orchids.nature4stock.com\/index.php?rest_route=\/wp\/v2\/pages\/202"}],"wp:attachment":[{"href":"http:\/\/orchids.nature4stock.com\/index.php?rest_route=%2Fwp%2Fv2%2Fmedia&parent=96"}],"wp:term":[{"taxonomy":"category","embeddable":true,"href":"http:\/\/orchids.nature4stock.com\/index.php?rest_route=%2Fwp%2Fv2%2Fcategories&post=96"},{"taxonomy":"post_tag","embeddable":true,"href":"http:\/\/orchids.nature4stock.com\/index.php?rest_route=%2Fwp%2Fv2%2Ftags&post=96"}],"curies":[{"name":"wp","href":"https:\/\/api.w.org\/{rel}","templated":true}]}}